{"id":7605,"date":"2022-10-27T18:42:10","date_gmt":"2022-10-27T18:42:10","guid":{"rendered":"http:\/\/www.radioconurbana.unlz.edu.ar\/wordpress\/?page_id=7605"},"modified":"2022-12-22T20:00:00","modified_gmt":"2022-12-22T20:00:00","slug":"anulo-mufa","status":"publish","type":"page","link":"https:\/\/www.radioconurbana.unlz.edu.ar\/wordpress\/anulo-mufa\/","title":{"rendered":"Anulo Mufa"},"content":{"rendered":"\t\t<div data-elementor-type=\"wp-page\" data-elementor-id=\"7605\" class=\"elementor elementor-7605\" data-elementor-post-type=\"page\">\n\t\t\t\t\t\t<section class=\"elementor-section elementor-top-section elementor-element elementor-element-6c954f62 elementor-section-full_width elementor-section-height-default elementor-section-height-default\" data-id=\"6c954f62\" data-element_type=\"section\" data-e-type=\"section\" data-settings=\"{&quot;background_background&quot;:&quot;classic&quot;}\">\n\t\t\t\t\t\t<div class=\"elementor-container elementor-column-gap-default\">\n\t\t\t\t\t<div class=\"elementor-column elementor-col-100 elementor-top-column elementor-element elementor-element-3c7e3cb1\" data-id=\"3c7e3cb1\" data-element_type=\"column\" data-e-type=\"column\">\n\t\t\t<div class=\"elementor-widget-wrap elementor-element-populated\">\n\t\t\t\t\t\t<div class=\"elementor-element elementor-element-2ad19078 elementor-widget elementor-widget-text-editor\" data-id=\"2ad19078\" data-element_type=\"widget\" data-e-type=\"widget\" data-widget_type=\"text-editor.default\">\n\t\t\t\t<div class=\"elementor-widget-container\">\n\t\t\t\t\t\t\t\t\t<h5><span style=\"color: #000000;\">\u00a0[vc_row][vc_column][vc_column_text]La actualidad e historia de las selecciones de f\u00fatbol masculino de cara al Mundial de Qatar 2022. Con la conducci\u00f3n de Leonardo Reula, Matias Cala y Micaela Lugones.[\/vc_column_text][\/vc_column][\/vc_row]<\/span><\/h5>\nEn el <strong>programa N\u00ba10<\/strong> Francesco Celeste, mejor amigo de Leandro Paredes.\n\u00abLeo es mi hermano desde los 8 a\u00f1os y me acuerdo que cuando entr\u00e9 a la cancha salt\u00e9 de la tribuna, nos dimos un abrazo y lloramos los dos\u00bb\nAdem\u00e1s, Mart\u00edn Voogd, periodista de Clar\u00edn y de #SocialesUNLZ\n\n<iframe src=\"https:\/\/www.ivoox.com\/player_ej_100307638_4_1.html?c1=0094ff\" width=\"100%\" height=\"200\" frameborder=\"0\" allowfullscreen=\"\" scrolling=\"no\" loading=\"lazy\"><\/iframe>\n\nEn el <strong>programa N\u00ba9<\/strong> Columna de Mat\u00edas Cala\n\u201cEste domingo en el Estadio Lusail reunir\u00e1 a los dos mejores jugadores del mundo. Las selecciones de Argentina y Francia van en busca de la tercera estrella en su camiseta\u201d.\nAdem\u00e1s, Micaela Lugones con informaci\u00f3n sobre las \u00faltimas novedades del pase a la final de Argentina.\n\n<iframe src=\"https:\/\/www.ivoox.com\/player_ej_99922790_4_1.html?c1=0094ff\" width=\"100%\" height=\"200\" frameborder=\"0\" scrolling=\"no\" allowfullscreen=\"allowfullscreen\"><\/iframe>\n\nEn el<strong> programa N\u00ba8<\/strong> Editorial de Leo Reula \u00abLos mejores interpretes de Argentina, Messi y Di Maria, todav\u00eda tienen mucho para dar, sin embargo por la molestia en el cuadricep derecho ser\u00e1 el cambio inevitable que dar\u00e1 Lionel Scaloni\u00bb.\nAdem\u00e1s, Micaela Lugones con informaci\u00f3n sobre las \u00faltimas novedades del Mundial y Matias Cala, con la actualidad de la Selecci\u00f3n de Australia, pr\u00f3ximo rival de Argentina.\n\n<iframe src=\"https:\/\/www.ivoox.com\/player_ej_97385596_4_1.html?c1=0094ff\" width=\"100%\" height=\"200\" frameborder=\"0\" scrolling=\"no\" allowfullscreen=\"allowfullscreen\"><\/iframe>\n\nEn el <strong>programa N\u00ba7<\/strong> Mart\u00edn Bachiller (@martinbachiller), periodista deportivo de Urbana Play (@urbanaplayfm)\n\u00abA la Selecci\u00f3n Argentina nunca se la vio convencida de lo que estaba haciendo, frente a Arabia tuvo una posici\u00f3n m\u00e1s especulativa\u00bb.\nAdem\u00e1s, Micaela Lugones con informaci\u00f3n sobre los reclamos de las selecciones al contexto social de Qatar y Matias Cala, con la actualidad de los equipos de la Copa del Mundo 2022.\n\n<iframe src=\"https:\/\/www.ivoox.com\/player_ej_96996132_4_1.html?c1=0094ff\" width=\"100%\" height=\"200\" frameborder=\"0\" scrolling=\"no\" allowfullscreen=\"allowfullscreen\"><\/iframe>\n\nEn el <strong>programa N\u00ba6<\/strong> Columna de Matias Cala acerca de la actualidad de la Selecci\u00f3n Argentina\n\u201cNicol\u00e1s Gonz\u00e1lez quedar\u00e1 desafectado del plantel de la Selecci\u00f3n por su lesi\u00f3n muscular y el reemplazo que entrar\u00e1 a la lista de 26 ser\u00e1 \u00c1ngel Correa\u201d.\nAdem\u00e1s, Micaela Lugones con informaci\u00f3n sobre la apertura del Mundial.\n\n<iframe src=\"https:\/\/www.ivoox.com\/player_ej_96564552_4_1.html?c1=0094ff\" width=\"100%\" height=\"200\" frameborder=\"0\" scrolling=\"no\" allowfullscreen=\"allowfullscreen\"><\/iframe>\n\nEn el <strong>programa N\u00ba5<\/strong> Columna de Matias Cala acerca de las declaraciones de Lionel Scaloni, DT de la Selecci\u00f3n Argentina en los medios.\n\n\u201cEl jugador que est\u00e9 bien f\u00edsicamente y al 100% no vamos a privarlo a que juegue la \u00faltima semana en su club porque para nosotros es lo mejor\u201d.\n\n<iframe src=\"https:\/\/www.ivoox.com\/player_ej_96191948_4_1.html?c1=0094ff\" width=\"100%\" height=\"200\" frameborder=\"0\" scrolling=\"no\" allowfullscreen=\"allowfullscreen\"><\/iframe>\n\nEn el <strong>programa N\u00ba4<\/strong> Columna de Leo Reula acerca de la actualidad de la Selecci\u00f3n de Brasil de cara al Mundial.\n\u00bbBrasil llega como un equipo candidato, de manera c\u00f3moda y sin lesiones graves en sus jugadores hasta el momento\u00bb.\nAdem\u00e1s, Matias Cala con las restricciones sociales que dispuso el pa\u00eds anfitri\u00f3n y la columna de Micaela Lugones acerca de las producciones audiovisuales sobre las selecciones de f\u00fatbol del mundo.\n\n<iframe src=\"https:\/\/www.ivoox.com\/player_ej_95415526_4_1.html?c1=0094ff\" width=\"100%\" height=\"200\" frameborder=\"0\" scrolling=\"no\" allowfullscreen=\"allowfullscreen\"><\/iframe>\n\nEn el <strong>programa N\u00ba3<\/strong> Columna de Matias Cala acerca del contexto laboral de Qatar previo al comienzo del mundial de f\u00fatbol.\n\u00bbEl 90% de los obreros que trabajaron en la construcci\u00f3n de los estadios del Mundial de Qatar 2022 son inmigrantes\u201d.\nAdem\u00e1s, Reula con la actualidad de la Selecci\u00f3n de M\u00e9xico y la columna de Micaela Lugones sobre los jugadores que tendr\u00e1n su \u00faltima participaci\u00f3n en un Mundial de la disciplina.\n\n<iframe src=\"https:\/\/www.ivoox.com\/player_ej_95172190_4_1.html?c1=0094ff\" width=\"100%\" height=\"200\" frameborder=\"0\" scrolling=\"no\" allowfullscreen=\"allowfullscreen\"><\/iframe>\n\nEn el <strong>programa n\u00ba2<\/strong> nuevo programa de Anulo Mufa. Rumbo a Qatar 2022\nCon la conducci\u00f3n de @leonardoreula\n\n<iframe src=\"https:\/\/www.ivoox.com\/player_ej_95172185_4_1.html?c1=0094ff\" width=\"100%\" height=\"200\" frameborder=\"0\" scrolling=\"no\" allowfullscreen=\"allowfullscreen\"><\/iframe>\n\nEn el <strong>programa N\u00ba1<\/strong>\u00a0un nuevo programa de Anulo Mufa. Rumbo a Qatar 2022\n\nCon la conducci\u00f3n de @leonardoreula\n\n<iframe src=\"https:\/\/www.ivoox.com\/player_ej_95172190_4_1.html?c1=0094ff\" width=\"100%\" height=\"200\" frameborder=\"0\" scrolling=\"no\" allowfullscreen=\"allowfullscreen\"><\/iframe>\t\t\t\t\t\t\t\t<\/div>\n\t\t\t\t<\/div>\n\t\t\t\t\t<\/div>\n\t\t<\/div>\n\t\t\t\t\t<\/div>\n\t\t<\/section>\n\t\t\t\t<\/div>\n\t\t","protected":false},"excerpt":{"rendered":"<p>\u00a0[vc_row][vc_column][vc_column_text]La&#8230;<\/p>\n","protected":false},"author":3,"featured_media":7606,"parent":0,"menu_order":0,"comment_status":"closed","ping_status":"closed","template":"","meta":{"om_disable_all_campaigns":false,"_monsterinsights_skip_tracking":false,"_monsterinsights_sitenote_active":false,"_monsterinsights_sitenote_note":"","_monsterinsights_sitenote_category":0,"footnotes":""},"class_list":["post-7605","page","type-page","status-publish","has-post-thumbnail","hentry"],"yoast_head":"<!-- This site is optimized with the Yoast SEO plugin v27.5 - https:\/\/yoast.com\/product\/yoast-seo-wordpress\/ -->\n<title>Anulo Mufa - Radio Conurbana<\/title>\n<meta name=\"robots\" content=\"index, follow, max-snippet:-1, max-image-preview:large, max-video-preview:-1\" \/>\n<link rel=\"canonical\" href=\"https:\/\/www.radioconurbana.unlz.edu.ar\/wordpress\/anulo-mufa\/\" \/>\n<meta property=\"og:locale\" content=\"es_ES\" \/>\n<meta property=\"og:type\" content=\"article\" \/>\n<meta property=\"og:title\" content=\"Anulo Mufa - Radio Conurbana\" \/>\n<meta property=\"og:description\" content=\"\u00a0[vc_row][vc_column][vc_column_text]La...\" \/>\n<meta property=\"og:url\" content=\"https:\/\/www.radioconurbana.unlz.edu.ar\/wordpress\/anulo-mufa\/\" \/>\n<meta property=\"og:site_name\" content=\"Radio Conurbana\" \/>\n<meta property=\"article:publisher\" content=\"https:\/\/www.facebook.com\/ConurbanaRadio\/\" \/>\n<meta property=\"article:modified_time\" content=\"2022-12-22T20:00:00+00:00\" \/>\n<meta property=\"og:image\" content=\"https:\/\/www.radioconurbana.unlz.edu.ar\/wordpress\/wp-content\/uploads\/2022\/10\/COBERTURA-ESPECIAL-SOBRE-LOS-JJOO-TOKIO-2021.png\" \/>\n\t<meta property=\"og:image:width\" content=\"1475\" \/>\n\t<meta property=\"og:image:height\" content=\"522\" \/>\n\t<meta property=\"og:image:type\" content=\"image\/png\" \/>\n<meta name=\"twitter:card\" content=\"summary_large_image\" \/>\n<meta name=\"twitter:site\" content=\"@ConurbanaRadio\" \/>\n<meta name=\"twitter:label1\" content=\"Tiempo de lectura\" \/>\n\t<meta name=\"twitter:data1\" content=\"3 minutos\" \/>\n<script type=\"application\/ld+json\" class=\"yoast-schema-graph\">{\"@context\":\"https:\\\/\\\/schema.org\",\"@graph\":[{\"@type\":\"WebPage\",\"@id\":\"https:\\\/\\\/www.radioconurbana.unlz.edu.ar\\\/wordpress\\\/anulo-mufa\\\/\",\"url\":\"https:\\\/\\\/www.radioconurbana.unlz.edu.ar\\\/wordpress\\\/anulo-mufa\\\/\",\"name\":\"Anulo Mufa - Radio Conurbana\",\"isPartOf\":{\"@id\":\"https:\\\/\\\/www.radioconurbana.unlz.edu.ar\\\/wordpress\\\/#website\"},\"primaryImageOfPage\":{\"@id\":\"https:\\\/\\\/www.radioconurbana.unlz.edu.ar\\\/wordpress\\\/anulo-mufa\\\/#primaryimage\"},\"image\":{\"@id\":\"https:\\\/\\\/www.radioconurbana.unlz.edu.ar\\\/wordpress\\\/anulo-mufa\\\/#primaryimage\"},\"thumbnailUrl\":\"https:\\\/\\\/www.radioconurbana.unlz.edu.ar\\\/wordpress\\\/wp-content\\\/uploads\\\/2022\\\/10\\\/COBERTURA-ESPECIAL-SOBRE-LOS-JJOO-TOKIO-2021.png\",\"datePublished\":\"2022-10-27T18:42:10+00:00\",\"dateModified\":\"2022-12-22T20:00:00+00:00\",\"breadcrumb\":{\"@id\":\"https:\\\/\\\/www.radioconurbana.unlz.edu.ar\\\/wordpress\\\/anulo-mufa\\\/#breadcrumb\"},\"inLanguage\":\"es\",\"potentialAction\":[{\"@type\":\"ReadAction\",\"target\":[\"https:\\\/\\\/www.radioconurbana.unlz.edu.ar\\\/wordpress\\\/anulo-mufa\\\/\"]}]},{\"@type\":\"ImageObject\",\"inLanguage\":\"es\",\"@id\":\"https:\\\/\\\/www.radioconurbana.unlz.edu.ar\\\/wordpress\\\/anulo-mufa\\\/#primaryimage\",\"url\":\"https:\\\/\\\/www.radioconurbana.unlz.edu.ar\\\/wordpress\\\/wp-content\\\/uploads\\\/2022\\\/10\\\/COBERTURA-ESPECIAL-SOBRE-LOS-JJOO-TOKIO-2021.png\",\"contentUrl\":\"https:\\\/\\\/www.radioconurbana.unlz.edu.ar\\\/wordpress\\\/wp-content\\\/uploads\\\/2022\\\/10\\\/COBERTURA-ESPECIAL-SOBRE-LOS-JJOO-TOKIO-2021.png\",\"width\":1475,\"height\":522},{\"@type\":\"BreadcrumbList\",\"@id\":\"https:\\\/\\\/www.radioconurbana.unlz.edu.ar\\\/wordpress\\\/anulo-mufa\\\/#breadcrumb\",\"itemListElement\":[{\"@type\":\"ListItem\",\"position\":1,\"name\":\"Portada\",\"item\":\"https:\\\/\\\/www.radioconurbana.unlz.edu.ar\\\/wordpress\\\/\"},{\"@type\":\"ListItem\",\"position\":2,\"name\":\"Anulo Mufa\"}]},{\"@type\":\"WebSite\",\"@id\":\"https:\\\/\\\/www.radioconurbana.unlz.edu.ar\\\/wordpress\\\/#website\",\"url\":\"https:\\\/\\\/www.radioconurbana.unlz.edu.ar\\\/wordpress\\\/\",\"name\":\"Radio Conurbana\",\"description\":\"Facultad de Ciencias Sociales UNLZ\",\"publisher\":{\"@id\":\"https:\\\/\\\/www.radioconurbana.unlz.edu.ar\\\/wordpress\\\/#organization\"},\"potentialAction\":[{\"@type\":\"SearchAction\",\"target\":{\"@type\":\"EntryPoint\",\"urlTemplate\":\"https:\\\/\\\/www.radioconurbana.unlz.edu.ar\\\/wordpress\\\/?s={search_term_string}\"},\"query-input\":{\"@type\":\"PropertyValueSpecification\",\"valueRequired\":true,\"valueName\":\"search_term_string\"}}],\"inLanguage\":\"es\"},{\"@type\":\"Organization\",\"@id\":\"https:\\\/\\\/www.radioconurbana.unlz.edu.ar\\\/wordpress\\\/#organization\",\"name\":\"Radio Conurbana\",\"url\":\"https:\\\/\\\/www.radioconurbana.unlz.edu.ar\\\/wordpress\\\/\",\"logo\":{\"@type\":\"ImageObject\",\"inLanguage\":\"es\",\"@id\":\"https:\\\/\\\/www.radioconurbana.unlz.edu.ar\\\/wordpress\\\/#\\\/schema\\\/logo\\\/image\\\/\",\"url\":\"http:\\\/\\\/www.radioconurbana.unlz.edu.ar\\\/wordpress\\\/wp-content\\\/uploads\\\/2021\\\/09\\\/cropped-Redondo.png\",\"contentUrl\":\"http:\\\/\\\/www.radioconurbana.unlz.edu.ar\\\/wordpress\\\/wp-content\\\/uploads\\\/2021\\\/09\\\/cropped-Redondo.png\",\"width\":512,\"height\":512,\"caption\":\"Radio Conurbana\"},\"image\":{\"@id\":\"https:\\\/\\\/www.radioconurbana.unlz.edu.ar\\\/wordpress\\\/#\\\/schema\\\/logo\\\/image\\\/\"},\"sameAs\":[\"https:\\\/\\\/www.facebook.com\\\/ConurbanaRadio\\\/\",\"https:\\\/\\\/x.com\\\/ConurbanaRadio\",\"https:\\\/\\\/www.instagram.com\\\/conurbanaradio\\\/\"]}]}<\/script>\n<!-- \/ Yoast SEO plugin. -->","yoast_head_json":{"title":"Anulo Mufa - Radio Conurbana","robots":{"index":"index","follow":"follow","max-snippet":"max-snippet:-1","max-image-preview":"max-image-preview:large","max-video-preview":"max-video-preview:-1"},"canonical":"https:\/\/www.radioconurbana.unlz.edu.ar\/wordpress\/anulo-mufa\/","og_locale":"es_ES","og_type":"article","og_title":"Anulo Mufa - Radio Conurbana","og_description":"\u00a0[vc_row][vc_column][vc_column_text]La...","og_url":"https:\/\/www.radioconurbana.unlz.edu.ar\/wordpress\/anulo-mufa\/","og_site_name":"Radio Conurbana","article_publisher":"https:\/\/www.facebook.com\/ConurbanaRadio\/","article_modified_time":"2022-12-22T20:00:00+00:00","og_image":[{"width":1475,"height":522,"url":"https:\/\/www.radioconurbana.unlz.edu.ar\/wordpress\/wp-content\/uploads\/2022\/10\/COBERTURA-ESPECIAL-SOBRE-LOS-JJOO-TOKIO-2021.png","type":"image\/png"}],"twitter_card":"summary_large_image","twitter_site":"@ConurbanaRadio","twitter_misc":{"Tiempo de lectura":"3 minutos"},"schema":{"@context":"https:\/\/schema.org","@graph":[{"@type":"WebPage","@id":"https:\/\/www.radioconurbana.unlz.edu.ar\/wordpress\/anulo-mufa\/","url":"https:\/\/www.radioconurbana.unlz.edu.ar\/wordpress\/anulo-mufa\/","name":"Anulo Mufa - Radio Conurbana","isPartOf":{"@id":"https:\/\/www.radioconurbana.unlz.edu.ar\/wordpress\/#website"},"primaryImageOfPage":{"@id":"https:\/\/www.radioconurbana.unlz.edu.ar\/wordpress\/anulo-mufa\/#primaryimage"},"image":{"@id":"https:\/\/www.radioconurbana.unlz.edu.ar\/wordpress\/anulo-mufa\/#primaryimage"},"thumbnailUrl":"https:\/\/www.radioconurbana.unlz.edu.ar\/wordpress\/wp-content\/uploads\/2022\/10\/COBERTURA-ESPECIAL-SOBRE-LOS-JJOO-TOKIO-2021.png","datePublished":"2022-10-27T18:42:10+00:00","dateModified":"2022-12-22T20:00:00+00:00","breadcrumb":{"@id":"https:\/\/www.radioconurbana.unlz.edu.ar\/wordpress\/anulo-mufa\/#breadcrumb"},"inLanguage":"es","potentialAction":[{"@type":"ReadAction","target":["https:\/\/www.radioconurbana.unlz.edu.ar\/wordpress\/anulo-mufa\/"]}]},{"@type":"ImageObject","inLanguage":"es","@id":"https:\/\/www.radioconurbana.unlz.edu.ar\/wordpress\/anulo-mufa\/#primaryimage","url":"https:\/\/www.radioconurbana.unlz.edu.ar\/wordpress\/wp-content\/uploads\/2022\/10\/COBERTURA-ESPECIAL-SOBRE-LOS-JJOO-TOKIO-2021.png","contentUrl":"https:\/\/www.radioconurbana.unlz.edu.ar\/wordpress\/wp-content\/uploads\/2022\/10\/COBERTURA-ESPECIAL-SOBRE-LOS-JJOO-TOKIO-2021.png","width":1475,"height":522},{"@type":"BreadcrumbList","@id":"https:\/\/www.radioconurbana.unlz.edu.ar\/wordpress\/anulo-mufa\/#breadcrumb","itemListElement":[{"@type":"ListItem","position":1,"name":"Portada","item":"https:\/\/www.radioconurbana.unlz.edu.ar\/wordpress\/"},{"@type":"ListItem","position":2,"name":"Anulo Mufa"}]},{"@type":"WebSite","@id":"https:\/\/www.radioconurbana.unlz.edu.ar\/wordpress\/#website","url":"https:\/\/www.radioconurbana.unlz.edu.ar\/wordpress\/","name":"Radio Conurbana","description":"Facultad de Ciencias Sociales UNLZ","publisher":{"@id":"https:\/\/www.radioconurbana.unlz.edu.ar\/wordpress\/#organization"},"potentialAction":[{"@type":"SearchAction","target":{"@type":"EntryPoint","urlTemplate":"https:\/\/www.radioconurbana.unlz.edu.ar\/wordpress\/?s={search_term_string}"},"query-input":{"@type":"PropertyValueSpecification","valueRequired":true,"valueName":"search_term_string"}}],"inLanguage":"es"},{"@type":"Organization","@id":"https:\/\/www.radioconurbana.unlz.edu.ar\/wordpress\/#organization","name":"Radio Conurbana","url":"https:\/\/www.radioconurbana.unlz.edu.ar\/wordpress\/","logo":{"@type":"ImageObject","inLanguage":"es","@id":"https:\/\/www.radioconurbana.unlz.edu.ar\/wordpress\/#\/schema\/logo\/image\/","url":"http:\/\/www.radioconurbana.unlz.edu.ar\/wordpress\/wp-content\/uploads\/2021\/09\/cropped-Redondo.png","contentUrl":"http:\/\/www.radioconurbana.unlz.edu.ar\/wordpress\/wp-content\/uploads\/2021\/09\/cropped-Redondo.png","width":512,"height":512,"caption":"Radio Conurbana"},"image":{"@id":"https:\/\/www.radioconurbana.unlz.edu.ar\/wordpress\/#\/schema\/logo\/image\/"},"sameAs":["https:\/\/www.facebook.com\/ConurbanaRadio\/","https:\/\/x.com\/ConurbanaRadio","https:\/\/www.instagram.com\/conurbanaradio\/"]}]}},"rttpg_featured_image_url":{"full":["https:\/\/www.radioconurbana.unlz.edu.ar\/wordpress\/wp-content\/uploads\/2022\/10\/COBERTURA-ESPECIAL-SOBRE-LOS-JJOO-TOKIO-2021.png",1475,522,false],"landscape":["https:\/\/www.radioconurbana.unlz.edu.ar\/wordpress\/wp-content\/uploads\/2022\/10\/COBERTURA-ESPECIAL-SOBRE-LOS-JJOO-TOKIO-2021.png",1475,522,false],"portraits":["https:\/\/www.radioconurbana.unlz.edu.ar\/wordpress\/wp-content\/uploads\/2022\/10\/COBERTURA-ESPECIAL-SOBRE-LOS-JJOO-TOKIO-2021.png",1475,522,false],"thumbnail":["https:\/\/www.radioconurbana.unlz.edu.ar\/wordpress\/wp-content\/uploads\/2022\/10\/COBERTURA-ESPECIAL-SOBRE-LOS-JJOO-TOKIO-2021-150x150.png",150,150,true],"medium":["https:\/\/www.radioconurbana.unlz.edu.ar\/wordpress\/wp-content\/uploads\/2022\/10\/COBERTURA-ESPECIAL-SOBRE-LOS-JJOO-TOKIO-2021-300x106.png",300,106,true],"large":["https:\/\/www.radioconurbana.unlz.edu.ar\/wordpress\/wp-content\/uploads\/2022\/10\/COBERTURA-ESPECIAL-SOBRE-LOS-JJOO-TOKIO-2021-1024x362.png",1024,362,true],"1536x1536":["https:\/\/www.radioconurbana.unlz.edu.ar\/wordpress\/wp-content\/uploads\/2022\/10\/COBERTURA-ESPECIAL-SOBRE-LOS-JJOO-TOKIO-2021.png",1475,522,false],"2048x2048":["https:\/\/www.radioconurbana.unlz.edu.ar\/wordpress\/wp-content\/uploads\/2022\/10\/COBERTURA-ESPECIAL-SOBRE-LOS-JJOO-TOKIO-2021.png",1475,522,false],"bm-post-thumb":["https:\/\/www.radioconurbana.unlz.edu.ar\/wordpress\/wp-content\/uploads\/2022\/10\/COBERTURA-ESPECIAL-SOBRE-LOS-JJOO-TOKIO-2021-250x250.png",250,250,true],"bm-post-medium":["https:\/\/www.radioconurbana.unlz.edu.ar\/wordpress\/wp-content\/uploads\/2022\/10\/COBERTURA-ESPECIAL-SOBRE-LOS-JJOO-TOKIO-2021-480x250.png",480,250,true],"roneous_grid":["https:\/\/www.radioconurbana.unlz.edu.ar\/wordpress\/wp-content\/uploads\/2022\/10\/COBERTURA-ESPECIAL-SOBRE-LOS-JJOO-TOKIO-2021-600x400.png",600,400,true],"roneous_box":["https:\/\/www.radioconurbana.unlz.edu.ar\/wordpress\/wp-content\/uploads\/2022\/10\/COBERTURA-ESPECIAL-SOBRE-LOS-JJOO-TOKIO-2021-650x522.png",650,522,true],"tlg_framework_thumbnail":["https:\/\/www.radioconurbana.unlz.edu.ar\/wordpress\/wp-content\/uploads\/2022\/10\/COBERTURA-ESPECIAL-SOBRE-LOS-JJOO-TOKIO-2021-60x60.png",60,60,true]},"rttpg_author":{"display_name":"Radio Conurbana","author_link":"https:\/\/www.radioconurbana.unlz.edu.ar\/wordpress\/author\/radio\/"},"rttpg_comment":0,"rttpg_category":null,"rttpg_excerpt":"\u00a0[vc_row][vc_column][vc_column_text]La...","_links":{"self":[{"href":"https:\/\/www.radioconurbana.unlz.edu.ar\/wordpress\/wp-json\/wp\/v2\/pages\/7605","targetHints":{"allow":["GET"]}}],"collection":[{"href":"https:\/\/www.radioconurbana.unlz.edu.ar\/wordpress\/wp-json\/wp\/v2\/pages"}],"about":[{"href":"https:\/\/www.radioconurbana.unlz.edu.ar\/wordpress\/wp-json\/wp\/v2\/types\/page"}],"author":[{"embeddable":true,"href":"https:\/\/www.radioconurbana.unlz.edu.ar\/wordpress\/wp-json\/wp\/v2\/users\/3"}],"replies":[{"embeddable":true,"href":"https:\/\/www.radioconurbana.unlz.edu.ar\/wordpress\/wp-json\/wp\/v2\/comments?post=7605"}],"version-history":[{"count":50,"href":"https:\/\/www.radioconurbana.unlz.edu.ar\/wordpress\/wp-json\/wp\/v2\/pages\/7605\/revisions"}],"predecessor-version":[{"id":7928,"href":"https:\/\/www.radioconurbana.unlz.edu.ar\/wordpress\/wp-json\/wp\/v2\/pages\/7605\/revisions\/7928"}],"wp:featuredmedia":[{"embeddable":true,"href":"https:\/\/www.radioconurbana.unlz.edu.ar\/wordpress\/wp-json\/wp\/v2\/media\/7606"}],"wp:attachment":[{"href":"https:\/\/www.radioconurbana.unlz.edu.ar\/wordpress\/wp-json\/wp\/v2\/media?parent=7605"}],"curies":[{"name":"wp","href":"https:\/\/api.w.org\/{rel}","templated":true}]}}